{"id":2049,"date":"2023-03-22T13:54:27","date_gmt":"2023-03-22T17:54:27","guid":{"rendered":"https:\/\/institutodelibertadeconomica.org\/our-team\/melba-i-acosta-febo\/"},"modified":"2023-05-19T11:03:58","modified_gmt":"2023-05-19T15:03:58","slug":"melba-i-acosta-febo","status":"publish","type":"page","link":"https:\/\/institutodelibertadeconomica.org\/en\/our-team\/melba-i-acosta-febo\/","title":{"rendered":"Melba I. Acosta-Febo"},"content":{"rendered":"<div class=\"wpb-content-wrapper\"><p>[vc_section el_id=\"team_member\" css=\".vc_custom_1679506641691{margin-top: 30px !important;}\"][vc_row][vc_column width=\"1\/3\"][vc_single_image image=\"1284\" img_size=\"full\" alignment=\"center\"][\/vc_column][vc_column width=\"2\/3\"][vc_column_text]<\/p>\n<div class=\"wpb_text_column wpb_content_element vc_custom_1650374638741\">\n<div class=\"wpb_wrapper\">\n<h3>Melba I. Acosta-Febo<\/h3>\n<h5><b>Board Member<\/b><\/h5>\n<\/div>\n<\/div>\n<p>[\/vc_column_text][vc_column_text]<\/p>\n<p class=\"p1\">Melba I. Acosta-Febo is counsel of the Corporate Practice Group at the law firm McConnell Valdez, LLC. Her main areas of practice include banking and financial institutions, commercial financing, mergers and acquisitions, corporate reorgs, governance and public financing. She also advises clients on aspects of doing business in Puerto Rico, including fund formation (private equity and Opportunity Zone funds).<\/p>\n<p class=\"p1\">Ms. Acosta, who is a certified public accountant, has held executive roles in both banking finance and operations (including CFO, CAO\/COO and Corporate Risk Manager) of an NYSE-traded holding company of commercial banking entities.<\/p>\n<p class=\"p1\">Her public experience includes serving as President of the Government Development Bank for Puerto Rico (GDB), Secretary of Treasury and Chief Public Finance Officer, Executive Director of the Office of Management and Budget, Chief Information Officer for the Commonwealth of Puerto Rico and the Government Authorized Representative before FEMA (\u201cGAR\u201d).<span class=\"Apple-converted-space\">\u00a0\u00a0<\/span>Prior to that, she served as Chief of Staff to the Mayor of the city of San Juan.<span class=\"Apple-converted-space\">\u00a0\u00a0<\/span>During her tenure in the central government, she developed fiscal initiatives that increased tax revenues, reduced overall government expenses, provided liquidity, spearheaded the restructuring of approximately $68 billion debt of the Commonwealth of Puerto Rico and developed the first e-government transactions.<span class=\"Apple-converted-space\">\u00a0\u00a0<\/span>She was also Chair and member of various Boards and committees, including the GDB, Economic Development Bank, the Corporation for the Revitalization of the PR Electric Power Authority, the Puerto Rico Teacher\u2019s Retirement System and the 2014 Tax Reform Committee.<span class=\"Apple-converted-space\">\u00a0\u00a0<\/span>In 2013 Ms. Acosta was named \u201cPublic Person of the Year\u201d by the Caribbean Business, the largest business newspaper in Puerto Rico. In the private sector, she worked at RG Financial Corporation, RG Premier Bank and Price Waterhouse.<\/p>\n<p class=\"p1\">On November 2022, Acosta was elected as elected by the Federal Home Loan Bank of New York\u2019s eligible district-wide members to serve as an Independent Director of the Board, her term starting on January 2023. She has been a<span class=\"Apple-converted-space\">\u00a0\u00a0<\/span>member of the Board of Directors of the Museum of Art of Puerto Rico for over 16 years, where she has served as Chair, Secretary, and Treasurer of the Board.<span class=\"Apple-converted-space\">\u00a0\u00a0<\/span>She is also member of the Board of Directors of the Fundaci\u00f3n Luis Mu\u00f1oz Mar\u00edn and a former member of the Board of Directors of United Ways of Puerto Rico.<\/p>\n<p class=\"p1\">Ms. Acosta-Febo holds a B.S. in accounting from the University of Puerto Rico, an M.B.A. from Harvard Business School, and a Juris Doctor from the University of Puerto Rico School of Law.<\/p>\n<p>[\/vc_column_text][\/vc_column][\/vc_row][\/vc_section][vc_section][vc_row][vc_column]<div class=\"templatera_shortcode\"><style type=\"text\/css\" data-type=\"vc_shortcodes-custom-css\">.vc_custom_1677767978547{padding-top: 96px !important;padding-bottom: 72px !important;background-color: #1b2028 !important;}<\/style><section data-vc-full-width=\"true\" data-vc-full-width-init=\"false\" class=\"vc_section dark-cta-1 vc_custom_1677767978547 vc_section-has-fill\"><div class=\"vc_row wpb_row vc_row-fluid\"><div class=\"wpb_column vc_column_container vc_col-sm-7\"><div class=\"vc_column-inner\"><div class=\"wpb_wrapper\">\n\t<div class=\"wpb_text_column wpb_content_element  white\" >\n\t\t<div class=\"wpb_wrapper\">\n\t\t\t<h2>Contribute now for a free and prosperous Puerto Rico<\/h2>\n\n\t\t<\/div>\n\t<\/div>\n<\/div><\/div><\/div><div class=\"wpb_column vc_column_container vc_col-sm-5\"><div class=\"vc_column-inner\"><div class=\"wpb_wrapper\">\n\t<div class=\"wpb_text_column wpb_content_element  white\" >\n\t\t<div class=\"wpb_wrapper\">\n\t\t\t<p>With your help, we will promote the ideals of individual liberty and responsibility, the rule of law, private property, and effective and accountable government to increase opportunity in Puerto Rico and enable prosperity for all.<\/p>\n\n\t\t<\/div>\n\t<\/div>\n\n\t<div class=\"wpb_text_column wpb_content_element  button-01\" >\n\t\t<div class=\"wpb_wrapper\">\n\t\t\t<p><a href=\"https:\/\/institutodelibertadeconomica.org\/en\/donations\/\">Donate now<\/a><\/p>\n\n\t\t<\/div>\n\t<\/div>\n<\/div><\/div><\/div><\/div><\/section><div class=\"vc_row-full-width vc_clearfix\"><\/div><\/div>[\/vc_column][\/vc_row][\/vc_section]<\/p>\n<\/div>","protected":false},"excerpt":{"rendered":"Melba I. Acosta-Febo Board Member Melba I. Acosta-Febo is counsel of the Corporate Practice Group at the law firm McConnell Valdez, LLC. Her main areas of practice include banking and financial institutions, commercial financing, mergers and acquisitions, corporate reorgs, governance and public financing. She also advises clients on aspects of doing business in Puerto Rico, [...]","protected":false},"author":2,"featured_media":0,"parent":1585,"menu_order":0,"comment_status":"closed","ping_status":"closed","template":"","meta":{"inline_featured_image":false,"site-sidebar-layout":"no-sidebar","site-content-layout":"plain-container","ast-site-content-layout":"default","site-content-style":"default","site-sidebar-style":"default","ast-global-header-display":"","ast-banner-title-visibility":"","ast-main-header-display":"","ast-hfb-above-header-display":"","ast-hfb-below-header-display":"","ast-hfb-mobile-header-display":"","site-post-title":"disabled","ast-breadcrumbs-content":"","ast-featured-img":"disabled","footer-sml-layout":"","ast-disable-related-posts":"","theme-transparent-header-meta":"default","adv-header-id-meta":"","stick-header-meta":"default","header-above-stick-meta":"","header-main-stick-meta":"","header-below-stick-meta":"","astra-migrate-meta-layouts":"default","ast-page-background-enabled":"default","ast-page-background-meta":{"desktop":{"background-color":"var(--ast-global-color-4)","background-image":"","background-repeat":"repeat","background-position":"center center","background-size":"auto","background-attachment":"scroll","background-type":"","background-media":"","overlay-type":"","overlay-color":"","overlay-opacity":"","overlay-gradient":""},"tablet":{"background-color":"","background-image":"","background-repeat":"repeat","background-position":"center center","background-size":"auto","background-attachment":"scroll","background-type":"","background-media":"","overlay-type":"","overlay-color":"","overlay-opacity":"","overlay-gradient":""},"mobile":{"background-color":"","background-image":"","background-repeat":"repeat","background-position":"center center","background-size":"auto","background-attachment":"scroll","background-type":"","background-media":"","overlay-type":"","overlay-color":"","overlay-opacity":"","overlay-gradient":""}},"ast-content-background-meta":{"desktop":{"background-color":"var(--ast-global-color-5)","background-image":"","background-repeat":"repeat","background-position":"center center","background-size":"auto","background-attachment":"scroll","background-type":"","background-media":"","overlay-type":"","overlay-color":"","overlay-opacity":"","overlay-gradient":""},"tablet":{"background-color":"var(--ast-global-color-5)","background-image":"","background-repeat":"repeat","background-position":"center center","background-size":"auto","background-attachment":"scroll","background-type":"","background-media":"","overlay-type":"","overlay-color":"","overlay-opacity":"","overlay-gradient":""},"mobile":{"background-color":"var(--ast-global-color-5)","background-image":"","background-repeat":"repeat","background-position":"center center","background-size":"auto","background-attachment":"scroll","background-type":"","background-media":"","overlay-type":"","overlay-color":"","overlay-opacity":"","overlay-gradient":""}},"footnotes":""},"class_list":["post-2049","page","type-page","status-publish","hentry"],"acf":[],"yoast_head":"<!-- This site is optimized with the Yoast SEO Premium plugin v22.4 (Yoast SEO v22.4) - https:\/\/yoast.com\/wordpress\/plugins\/seo\/ -->\n<title>Melba I. Acosta-Febo - Instituto de Libertad Econ\u00f3mica para Puerto Rico<\/title>\n<meta name=\"description\" content=\"ILE is a non-partisan, nonprofit that looks to pave the way for equal opportunities and empowerment of Puerto Rican residents.\" \/>\n<meta name=\"robots\" content=\"index, follow, max-snippet:-1, max-image-preview:large, max-video-preview:-1\" \/>\n<link rel=\"canonical\" href=\"https:\/\/institutodelibertadeconomica.org\/en\/our-team\/melba-i-acosta-febo\/\" \/>\n<meta property=\"og:locale\" content=\"en_US\" \/>\n<meta property=\"og:type\" content=\"article\" \/>\n<meta property=\"og:title\" content=\"Melba I. Acosta-Febo - Instituto de Libertad Econ\u00f3mica para Puerto Rico\" \/>\n<meta property=\"og:description\" content=\"ILE is a non-partisan, nonprofit that looks to pave the way for equal opportunities and empowerment of Puerto Rican residents.\" \/>\n<meta property=\"og:url\" content=\"https:\/\/institutodelibertadeconomica.org\/en\/our-team\/melba-i-acosta-febo\/\" \/>\n<meta property=\"og:site_name\" content=\"Instituto de Libertad Econ\u00f3mica para Puerto Rico\" \/>\n<meta property=\"article:publisher\" content=\"https:\/\/www.facebook.com\/ilepuertorico\" \/>\n<meta property=\"article:modified_time\" content=\"2023-05-19T15:03:58+00:00\" \/>\n<meta property=\"og:image\" content=\"https:\/\/institutodelibertadeconomica.org\/wp-content\/uploads\/2023\/07\/ILE-OpenGraph-Web.jpg\" \/>\n\t<meta property=\"og:image:width\" content=\"1200\" \/>\n\t<meta property=\"og:image:height\" content=\"627\" \/>\n\t<meta property=\"og:image:type\" content=\"image\/jpeg\" \/>\n<meta name=\"twitter:card\" content=\"summary_large_image\" \/>\n<script type=\"application\/ld+json\" class=\"yoast-schema-graph\">{\"@context\":\"https:\/\/schema.org\",\"@graph\":[{\"@type\":\"WebPage\",\"@id\":\"https:\/\/institutodelibertadeconomica.org\/en\/our-team\/melba-i-acosta-febo\/\",\"url\":\"https:\/\/institutodelibertadeconomica.org\/en\/our-team\/melba-i-acosta-febo\/\",\"name\":\"Melba I. Acosta-Febo - Instituto de Libertad Econ\u00f3mica para Puerto Rico\",\"isPartOf\":{\"@id\":\"https:\/\/institutodelibertadeconomica.org\/en\/#website\"},\"datePublished\":\"2023-03-22T17:54:27+00:00\",\"dateModified\":\"2023-05-19T15:03:58+00:00\",\"description\":\"ILE is a non-partisan, nonprofit that looks to pave the way for equal opportunities and empowerment of Puerto Rican residents.\",\"breadcrumb\":{\"@id\":\"https:\/\/institutodelibertadeconomica.org\/en\/our-team\/melba-i-acosta-febo\/#breadcrumb\"},\"inLanguage\":\"en-US\",\"potentialAction\":[{\"@type\":\"ReadAction\",\"target\":[\"https:\/\/institutodelibertadeconomica.org\/en\/our-team\/melba-i-acosta-febo\/\"]}]},{\"@type\":\"BreadcrumbList\",\"@id\":\"https:\/\/institutodelibertadeconomica.org\/en\/our-team\/melba-i-acosta-febo\/#breadcrumb\",\"itemListElement\":[{\"@type\":\"ListItem\",\"position\":1,\"name\":\"Home\",\"item\":\"https:\/\/institutodelibertadeconomica.org\/en\/\"},{\"@type\":\"ListItem\",\"position\":2,\"name\":\"Our Team\",\"item\":\"https:\/\/institutodelibertadeconomica.org\/en\/our-team\/\"},{\"@type\":\"ListItem\",\"position\":3,\"name\":\"Melba I. Acosta-Febo\"}]},{\"@type\":\"WebSite\",\"@id\":\"https:\/\/institutodelibertadeconomica.org\/en\/#website\",\"url\":\"https:\/\/institutodelibertadeconomica.org\/en\/\",\"name\":\"Instituto de Libertad Econ\u00f3mica para Puerto Rico\",\"description\":\"Centro de pensamiento de libre mercado enfocado en buscar soluciones y existan m\u00e1s oportunidades\",\"publisher\":{\"@id\":\"https:\/\/institutodelibertadeconomica.org\/en\/#organization\"},\"potentialAction\":[{\"@type\":\"SearchAction\",\"target\":{\"@type\":\"EntryPoint\",\"urlTemplate\":\"https:\/\/institutodelibertadeconomica.org\/en\/?s={search_term_string}\"},\"query-input\":\"required name=search_term_string\"}],\"inLanguage\":\"en-US\"},{\"@type\":\"Organization\",\"@id\":\"https:\/\/institutodelibertadeconomica.org\/en\/#organization\",\"name\":\"Instituto de Libertad Econ\u00f3mica para Puerto Rico\",\"alternateName\":\"ILE Puerto Rico\",\"url\":\"https:\/\/institutodelibertadeconomica.org\/en\/\",\"logo\":{\"@type\":\"ImageObject\",\"inLanguage\":\"en-US\",\"@id\":\"https:\/\/institutodelibertadeconomica.org\/en\/#\/schema\/logo\/image\/\",\"url\":\"https:\/\/institutodelibertadeconomica.org\/wp-content\/uploads\/2023\/02\/ILE-logo-black.svg\",\"contentUrl\":\"https:\/\/institutodelibertadeconomica.org\/wp-content\/uploads\/2023\/02\/ILE-logo-black.svg\",\"caption\":\"Instituto de Libertad Econ\u00f3mica para Puerto Rico\"},\"image\":{\"@id\":\"https:\/\/institutodelibertadeconomica.org\/en\/#\/schema\/logo\/image\/\"},\"sameAs\":[\"https:\/\/www.facebook.com\/ilepuertorico\"]}]}<\/script>\n<!-- \/ Yoast SEO Premium plugin. -->","yoast_head_json":{"title":"Melba I. Acosta-Febo - Instituto de Libertad Econ\u00f3mica para Puerto Rico","description":"ILE is a non-partisan, nonprofit that looks to pave the way for equal opportunities and empowerment of Puerto Rican residents.","robots":{"index":"index","follow":"follow","max-snippet":"max-snippet:-1","max-image-preview":"max-image-preview:large","max-video-preview":"max-video-preview:-1"},"canonical":"https:\/\/institutodelibertadeconomica.org\/en\/our-team\/melba-i-acosta-febo\/","og_locale":"en_US","og_type":"article","og_title":"Melba I. Acosta-Febo - Instituto de Libertad Econ\u00f3mica para Puerto Rico","og_description":"ILE is a non-partisan, nonprofit that looks to pave the way for equal opportunities and empowerment of Puerto Rican residents.","og_url":"https:\/\/institutodelibertadeconomica.org\/en\/our-team\/melba-i-acosta-febo\/","og_site_name":"Instituto de Libertad Econ\u00f3mica para Puerto Rico","article_publisher":"https:\/\/www.facebook.com\/ilepuertorico","article_modified_time":"2023-05-19T15:03:58+00:00","og_image":[{"width":1200,"height":627,"url":"https:\/\/institutodelibertadeconomica.org\/wp-content\/uploads\/2023\/07\/ILE-OpenGraph-Web.jpg","type":"image\/jpeg"}],"twitter_card":"summary_large_image","schema":{"@context":"https:\/\/schema.org","@graph":[{"@type":"WebPage","@id":"https:\/\/institutodelibertadeconomica.org\/en\/our-team\/melba-i-acosta-febo\/","url":"https:\/\/institutodelibertadeconomica.org\/en\/our-team\/melba-i-acosta-febo\/","name":"Melba I. Acosta-Febo - Instituto de Libertad Econ\u00f3mica para Puerto Rico","isPartOf":{"@id":"https:\/\/institutodelibertadeconomica.org\/en\/#website"},"datePublished":"2023-03-22T17:54:27+00:00","dateModified":"2023-05-19T15:03:58+00:00","description":"ILE is a non-partisan, nonprofit that looks to pave the way for equal opportunities and empowerment of Puerto Rican residents.","breadcrumb":{"@id":"https:\/\/institutodelibertadeconomica.org\/en\/our-team\/melba-i-acosta-febo\/#breadcrumb"},"inLanguage":"en-US","potentialAction":[{"@type":"ReadAction","target":["https:\/\/institutodelibertadeconomica.org\/en\/our-team\/melba-i-acosta-febo\/"]}]},{"@type":"BreadcrumbList","@id":"https:\/\/institutodelibertadeconomica.org\/en\/our-team\/melba-i-acosta-febo\/#breadcrumb","itemListElement":[{"@type":"ListItem","position":1,"name":"Home","item":"https:\/\/institutodelibertadeconomica.org\/en\/"},{"@type":"ListItem","position":2,"name":"Our Team","item":"https:\/\/institutodelibertadeconomica.org\/en\/our-team\/"},{"@type":"ListItem","position":3,"name":"Melba I. Acosta-Febo"}]},{"@type":"WebSite","@id":"https:\/\/institutodelibertadeconomica.org\/en\/#website","url":"https:\/\/institutodelibertadeconomica.org\/en\/","name":"Instituto de Libertad Econ\u00f3mica para Puerto Rico","description":"Centro de pensamiento de libre mercado enfocado en buscar soluciones y existan m\u00e1s oportunidades","publisher":{"@id":"https:\/\/institutodelibertadeconomica.org\/en\/#organization"},"potentialAction":[{"@type":"SearchAction","target":{"@type":"EntryPoint","urlTemplate":"https:\/\/institutodelibertadeconomica.org\/en\/?s={search_term_string}"},"query-input":"required name=search_term_string"}],"inLanguage":"en-US"},{"@type":"Organization","@id":"https:\/\/institutodelibertadeconomica.org\/en\/#organization","name":"Instituto de Libertad Econ\u00f3mica para Puerto Rico","alternateName":"ILE Puerto Rico","url":"https:\/\/institutodelibertadeconomica.org\/en\/","logo":{"@type":"ImageObject","inLanguage":"en-US","@id":"https:\/\/institutodelibertadeconomica.org\/en\/#\/schema\/logo\/image\/","url":"https:\/\/institutodelibertadeconomica.org\/wp-content\/uploads\/2023\/02\/ILE-logo-black.svg","contentUrl":"https:\/\/institutodelibertadeconomica.org\/wp-content\/uploads\/2023\/02\/ILE-logo-black.svg","caption":"Instituto de Libertad Econ\u00f3mica para Puerto Rico"},"image":{"@id":"https:\/\/institutodelibertadeconomica.org\/en\/#\/schema\/logo\/image\/"},"sameAs":["https:\/\/www.facebook.com\/ilepuertorico"]}]}},"_links":{"self":[{"href":"https:\/\/institutodelibertadeconomica.org\/en\/wp-json\/wp\/v2\/pages\/2049","targetHints":{"allow":["GET"]}}],"collection":[{"href":"https:\/\/institutodelibertadeconomica.org\/en\/wp-json\/wp\/v2\/pages"}],"about":[{"href":"https:\/\/institutodelibertadeconomica.org\/en\/wp-json\/wp\/v2\/types\/page"}],"author":[{"embeddable":true,"href":"https:\/\/institutodelibertadeconomica.org\/en\/wp-json\/wp\/v2\/users\/2"}],"replies":[{"embeddable":true,"href":"https:\/\/institutodelibertadeconomica.org\/en\/wp-json\/wp\/v2\/comments?post=2049"}],"version-history":[{"count":0,"href":"https:\/\/institutodelibertadeconomica.org\/en\/wp-json\/wp\/v2\/pages\/2049\/revisions"}],"up":[{"embeddable":true,"href":"https:\/\/institutodelibertadeconomica.org\/en\/wp-json\/wp\/v2\/pages\/1585"}],"wp:attachment":[{"href":"https:\/\/institutodelibertadeconomica.org\/en\/wp-json\/wp\/v2\/media?parent=2049"}],"curies":[{"name":"wp","href":"https:\/\/api.w.org\/{rel}","templated":true}]}}