{"id":1611,"date":"2023-03-09T12:21:12","date_gmt":"2023-03-09T16:21:12","guid":{"rendered":"https:\/\/institutodelibertadeconomica.org\/accion-legal\/"},"modified":"2023-06-20T11:43:26","modified_gmt":"2023-06-20T15:43:26","slug":"legal-action","status":"publish","type":"page","link":"https:\/\/institutodelibertadeconomica.org\/en\/legal-action\/","title":{"rendered":"Legal Action"},"content":{"rendered":"<div class=\"wpb-content-wrapper\"><p>[vc_section el_class=\"category-banner-1\"][vc_row equal_height=\"yes\" el_class=\"overflow-visible-1\"][vc_column width=\"1\/2\" css=\".vc_custom_1678133837319{padding-left: 20px !important;background-color: #2d3440 !important;}\"][vc_column_text el_class=\"white\"]<\/p>\n<h1>Legal Action<\/h1>\n<p>[\/vc_column_text][vc_column_text el_class=\"white\"]The Puerto Rico Institute for Economic Liberty is also a public interest legal action group that works to advance the principles of free market, individual liberty, rule of law, property rights, and limited and efficient government in Puerto Rico and the United States.[\/vc_column_text][\/vc_column][vc_column width=\"1\/2\" css=\".vc_custom_1681917489411{background-image: url(https:\/\/institutodelibertadeconomica.org\/wp-content\/uploads\/2023\/04\/accion-legal-2.png?id=1379) !important;background-position: center !important;background-repeat: no-repeat !important;background-size: cover !important;}\"][vc_empty_space height=\"320px\"][\/vc_column][\/vc_row][\/vc_section][vc_section full_width=\"stretch_row\" css=\".vc_custom_1683127805223{background-position: center !important;background-repeat: no-repeat !important;background-size: cover !important;}\" el_class=\"section-mobile-spacing-1\"][vc_row full_width=\"stretch_row\"][vc_column width=\"2\/3\"][vc_column_text]<\/p>\n<h2>Publications<\/h2>\n<h6>Papers, legal articles, presentations, and other documents presenting the legal perspective of ILE on matters affecting our society.<\/h6>\n<p>[\/vc_column_text][\/vc_column][vc_column width=\"1\/3\"][\/vc_column][\/vc_row][vc_row full_width=\"stretch_row\" gap=\"20\"][vc_column][vc_basic_grid post_type=\"accion-legal\" max_items=\"-1\" style=\"load-more\" items_per_page=\"3\" item=\"110\" grid_id=\"vc_gid:1687275790774-6f1b9683-15aa-8\" el_class=\"grid-vertical-default-1 taller-img\" taxonomies=\"47\"][vc_column_text el_class=\"detalles-01\"]<strong><a href=\"https:\/\/institutodelibertadeconomica.org\/en\/legal-action\/publications\/\">View all<\/a><\/strong>[\/vc_column_text][\/vc_column][\/vc_row][\/vc_section][vc_section full_width=\"stretch_row\" css=\".vc_custom_1683143807950{padding-top: 0px !important;background-position: center !important;background-repeat: no-repeat !important;background-size: cover !important;}\" el_class=\"section-mobile-spacing-1\"][vc_row full_width=\"stretch_row\"][vc_column width=\"2\/3\"][vc_column_text]<\/p>\n<h2>Amicus Curiae<\/h2>\n<h6>Cases in which ILE is not a party of the litigation but that is permitted by the court to be an advisor.<\/h6>\n<p>[\/vc_column_text][\/vc_column][vc_column width=\"1\/3\"][\/vc_column][\/vc_row][vc_row full_width=\"stretch_row\" gap=\"20\"][vc_column][vc_basic_grid post_type=\"accion-legal\" max_items=\"-1\" style=\"load-more\" items_per_page=\"3\" item=\"110\" grid_id=\"vc_gid:1687275790776-0dab58dc-0e63-6\" el_class=\"grid-vertical-default-1 taller-img\" taxonomies=\"48\"][vc_column_text el_class=\"detalles-01\"]<strong><a href=\"https:\/\/institutodelibertadeconomica.org\/en\/legal-action\/amicus-curiae\/\">View all<\/a><\/strong>[\/vc_column_text][\/vc_column][\/vc_row][\/vc_section][vc_section full_width=\"stretch_row\" css=\".vc_custom_1683143811782{padding-top: 0px !important;background-position: center !important;background-repeat: no-repeat !important;background-size: cover !important;}\" el_class=\"section-mobile-spacing-1\"][vc_row full_width=\"stretch_row\"][vc_column width=\"2\/3\"][vc_column_text]<\/p>\n<h2>Legal Cases<\/h2>\n<h6>Cases in which ILE represents the disputing party.<\/h6>\n<p>[\/vc_column_text][\/vc_column][vc_column width=\"1\/3\"][\/vc_column][\/vc_row][vc_row full_width=\"stretch_row\" gap=\"20\"][vc_column][vc_basic_grid post_type=\"accion-legal\" max_items=\"-1\" style=\"load-more\" items_per_page=\"3\" item=\"110\" grid_id=\"vc_gid:1687275790776-a1e144bb-a6d8-8\" el_class=\"grid-vertical-default-1 taller-img\" taxonomies=\"49\"][vc_column_text el_class=\"detalles-01\"]<strong><a href=\"https:\/\/institutodelibertadeconomica.org\/en\/legal-action\/legal-cases\/\">View all<\/a><\/strong>[\/vc_column_text][\/vc_column][\/vc_row][\/vc_section][vc_section disable_element=\"yes\" css=\".vc_custom_1683143979711{padding-top: 80px !important;padding-bottom: 0px !important;}\"][vc_row disable_element=\"yes\"][vc_column][vc_column_text]<\/p>\n<h3 style=\"text-align: center;\">El Instituto de Libertad Econ\u00f3mica para Puerto Rico es tambi\u00e9n un grupo de acci\u00f3n legal de inter\u00e9s p\u00fablico<\/h3>\n<p>[\/vc_column_text][vc_column_text css=\".vc_custom_1678401668317{margin-bottom: 60px !important;}\"]<\/p>\n<h6 style=\"text-align: center;\"><strong>ILE trabaja para promover los principios de libre mercado, libertad individual, estado de derecho, derechos de propiedad y gobierno limitado y eficiente en Puerto Rico y Estados Unidos.<\/strong><\/h6>\n<p>[\/vc_column_text][\/vc_column][\/vc_row][vc_row disable_element=\"yes\" css=\".vc_custom_1682964424781{padding-bottom: 64px !important;}\"][vc_column][vc_column_text css=\".vc_custom_1678401674399{margin-bottom: 40px !important;}\"]<\/p>\n<h4 style=\"text-align: center;\">Selecciona el contenido que quieres ver<\/h4>\n<p>[\/vc_column_text][vc_row_inner equal_height=\"yes\" gap=\"15\" el_class=\"accion-legal-boxes\"][vc_column_inner el_class=\"grid_box\" width=\"1\/3\"][vc_column_text]<a href=\"https:\/\/institutodelibertadeconomica.org\/publicaciones\/\"><img decoding=\"async\" data-src=\"\/wp-content\/uploads\/2023\/03\/publicaciones.png\" alt=\"publicaciones\" src=\"data:image\/svg+xml;base64,PHN2ZyB3aWR0aD0iMSIgaGVpZ2h0PSIxIiB4bWxucz0iaHR0cDovL3d3dy53My5vcmcvMjAwMC9zdmciPjwvc3ZnPg==\" class=\"lazyload\" style=\"--smush-placeholder-width: 40px; --smush-placeholder-aspect-ratio: 40\/40;\" \/><br \/>\n<span class=\"h6-style\">Publicaciones<\/span><br \/>\n<span class=\"p-style\">Ponencias, art\u00edculos legales, presentaciones y otros documentos sobre la perspectiva legal de ILE en asuntos que afectan a nuestra sociedad.<\/span><\/a>[\/vc_column_text][\/vc_column_inner][vc_column_inner el_class=\"grid_box\" width=\"1\/3\"][vc_column_text]<a href=\"https:\/\/institutodelibertadeconomica.org\/en\/accion-legal\/amicus-curiae\/\"><img decoding=\"async\" data-src=\"\/wp-content\/uploads\/2023\/03\/curiae.png\" alt=\"amicus curiae\" src=\"data:image\/svg+xml;base64,PHN2ZyB3aWR0aD0iMSIgaGVpZ2h0PSIxIiB4bWxucz0iaHR0cDovL3d3dy53My5vcmcvMjAwMC9zdmciPjwvc3ZnPg==\" class=\"lazyload\" style=\"--smush-placeholder-width: 40px; --smush-placeholder-aspect-ratio: 40\/40;\" \/><br \/>\n<span class=\"h6-style\">Amicus Curiae<\/span><br \/>\n<span class=\"p-style\">Ponencias, art\u00edculos legales, presentaciones y otros documentos sobre la perspectiva legal de ILE en asuntos que afectan a nuestra sociedad.<\/span><\/a>[\/vc_column_text][\/vc_column_inner][vc_column_inner el_class=\"grid_box\" width=\"1\/3\"][vc_column_text]<a href=\"https:\/\/institutodelibertadeconomica.org\/en\/accion-legal\/legal-cases\/\"><img decoding=\"async\" data-src=\"\/wp-content\/uploads\/2023\/03\/casos.png\" alt=\"casos\" src=\"data:image\/svg+xml;base64,PHN2ZyB3aWR0aD0iMSIgaGVpZ2h0PSIxIiB4bWxucz0iaHR0cDovL3d3dy53My5vcmcvMjAwMC9zdmciPjwvc3ZnPg==\" class=\"lazyload\" style=\"--smush-placeholder-width: 40px; --smush-placeholder-aspect-ratio: 40\/40;\" \/><br \/>\n<span class=\"h6-style\">Casos legales<\/span><br \/>\n<span class=\"p-style\">ILE desaf\u00eda las regulaciones y \u00f3rdenes de C\u00f3vid-19 impuestas por \u00f3rdenes ejecutivas.<\/span><\/a>[\/vc_column_text][\/vc_column_inner][\/vc_row_inner][vc_row_inner equal_height=\"yes\" gap=\"15\" disable_element=\"yes\"][vc_column_inner el_class=\"grid_box\" width=\"1\/3\"][vc_single_image image=\"498\" img_size=\"full\" onclick=\"custom_link\" link=\"\/accion-legal\/publicaciones\/\"][vc_column_text]<\/p>\n<h6><a href=\"https:\/\/institutodelibertadeconomica.org\/en\/accion-legal\/publications\/\">Publicaciones<\/a><\/h6>\n<p>[\/vc_column_text][vc_column_text]Ponencias, art\u00edculos legales, presentaciones y otros documentos sobre la perspectiva legal de ILE en asuntos que afectan a nuestra sociedad.[\/vc_column_text][\/vc_column_inner][vc_column_inner el_class=\"grid_box\" width=\"1\/3\"][vc_single_image image=\"496\" img_size=\"full\" onclick=\"custom_link\" link=\"\/accion-legal\/amicus-curiae\/\"][vc_column_text]<\/p>\n<h6><a href=\"https:\/\/institutodelibertadeconomica.org\/en\/accion-legal\/amicus-curiae\/\">Amicus Curiae<\/a><\/h6>\n<p>[\/vc_column_text][vc_column_text]Casos en los que ILE no es una parte litigante, pero sirve como asesor permitido por la corte.[\/vc_column_text][\/vc_column_inner][vc_column_inner el_class=\"grid_box\" width=\"1\/3\"][vc_single_image image=\"494\" img_size=\"full\" onclick=\"custom_link\" link=\"\/accion-legal\/casos-legales\/\"][vc_column_text]<\/p>\n<h6><a href=\"https:\/\/institutodelibertadeconomica.org\/en\/accion-legal\/legal-cases\/\">Casos Legales<\/a><\/h6>\n<p>[\/vc_column_text][vc_column_text]ILE desaf\u00eda las regulaciones y \u00f3rdenes de C\u00f3vid-19 impuestas por \u00f3rdenes ejecutivas.[\/vc_column_text][\/vc_column_inner][\/vc_row_inner][\/vc_column][\/vc_row][\/vc_section][vc_section full_width=\"stretch_row\" el_class=\"dark-cta-1\" css=\".vc_custom_1683144785953{background-color: #1b2028 !important;}\"][vc_row full_width=\"stretch_row\"][vc_column]<div class=\"templatera_shortcode\"><style type=\"text\/css\" data-type=\"vc_shortcodes-custom-css\">.vc_custom_1677767978547{padding-top: 96px !important;padding-bottom: 72px !important;background-color: #1b2028 !important;}<\/style><section data-vc-full-width=\"true\" data-vc-full-width-init=\"false\" class=\"vc_section dark-cta-1 vc_custom_1677767978547 vc_section-has-fill\"><div class=\"vc_row wpb_row vc_row-fluid\"><div class=\"wpb_column vc_column_container vc_col-sm-7\"><div class=\"vc_column-inner\"><div class=\"wpb_wrapper\">\n\t<div class=\"wpb_text_column wpb_content_element  white\" >\n\t\t<div class=\"wpb_wrapper\">\n\t\t\t<h2>Contribute now for a free and prosperous Puerto Rico<\/h2>\n\n\t\t<\/div>\n\t<\/div>\n<\/div><\/div><\/div><div class=\"wpb_column vc_column_container vc_col-sm-5\"><div class=\"vc_column-inner\"><div class=\"wpb_wrapper\">\n\t<div class=\"wpb_text_column wpb_content_element  white\" >\n\t\t<div class=\"wpb_wrapper\">\n\t\t\t<p>With your help, we will promote the ideals of individual liberty and responsibility, the rule of law, private property, and effective and accountable government to increase opportunity in Puerto Rico and enable prosperity for all.<\/p>\n\n\t\t<\/div>\n\t<\/div>\n\n\t<div class=\"wpb_text_column wpb_content_element  button-01\" >\n\t\t<div class=\"wpb_wrapper\">\n\t\t\t<p><a href=\"https:\/\/institutodelibertadeconomica.org\/en\/donations\/\">Donate now<\/a><\/p>\n\n\t\t<\/div>\n\t<\/div>\n<\/div><\/div><\/div><\/div><\/section><div class=\"vc_row-full-width vc_clearfix\"><\/div><\/div>[\/vc_column][\/vc_row][\/vc_section]<\/p>\n<\/div>","protected":false},"excerpt":{"rendered":"Legal Action The Puerto Rico Institute for Economic Liberty is also a public interest legal action group that works to advance the principles of free market, individual liberty, rule of law, property rights, and limited and efficient government in Puerto Rico and the United States. Publications Papers, legal articles, presentations, and other documents presenting the [...]","protected":false},"author":2,"featured_media":0,"parent":0,"menu_order":0,"comment_status":"closed","ping_status":"closed","template":"","meta":{"inline_featured_image":false,"site-sidebar-layout":"no-sidebar","site-content-layout":"plain-container","ast-site-content-layout":"default","site-content-style":"default","site-sidebar-style":"default","ast-global-header-display":"","ast-banner-title-visibility":"","ast-main-header-display":"","ast-hfb-above-header-display":"","ast-hfb-below-header-display":"","ast-hfb-mobile-header-display":"","site-post-title":"disabled","ast-breadcrumbs-content":"","ast-featured-img":"disabled","footer-sml-layout":"","ast-disable-related-posts":"","theme-transparent-header-meta":"default","adv-header-id-meta":"","stick-header-meta":"default","header-above-stick-meta":"","header-main-stick-meta":"","header-below-stick-meta":"","astra-migrate-meta-layouts":"default","ast-page-background-enabled":"default","ast-page-background-meta":{"desktop":{"background-color":"var(--ast-global-color-4)","background-image":"","background-repeat":"repeat","background-position":"center center","background-size":"auto","background-attachment":"scroll","background-type":"","background-media":"","overlay-type":"","overlay-color":"","overlay-opacity":"","overlay-gradient":""},"tablet":{"background-color":"","background-image":"","background-repeat":"repeat","background-position":"center center","background-size":"auto","background-attachment":"scroll","background-type":"","background-media":"","overlay-type":"","overlay-color":"","overlay-opacity":"","overlay-gradient":""},"mobile":{"background-color":"","background-image":"","background-repeat":"repeat","background-position":"center center","background-size":"auto","background-attachment":"scroll","background-type":"","background-media":"","overlay-type":"","overlay-color":"","overlay-opacity":"","overlay-gradient":""}},"ast-content-background-meta":{"desktop":{"background-color":"var(--ast-global-color-5)","background-image":"","background-repeat":"repeat","background-position":"center center","background-size":"auto","background-attachment":"scroll","background-type":"","background-media":"","overlay-type":"","overlay-color":"","overlay-opacity":"","overlay-gradient":""},"tablet":{"background-color":"var(--ast-global-color-5)","background-image":"","background-repeat":"repeat","background-position":"center center","background-size":"auto","background-attachment":"scroll","background-type":"","background-media":"","overlay-type":"","overlay-color":"","overlay-opacity":"","overlay-gradient":""},"mobile":{"background-color":"var(--ast-global-color-5)","background-image":"","background-repeat":"repeat","background-position":"center center","background-size":"auto","background-attachment":"scroll","background-type":"","background-media":"","overlay-type":"","overlay-color":"","overlay-opacity":"","overlay-gradient":""}},"footnotes":""},"class_list":["post-1611","page","type-page","status-publish","hentry"],"acf":[],"yoast_head":"<!-- This site is optimized with the Yoast SEO Premium plugin v22.4 (Yoast SEO v22.4) - https:\/\/yoast.com\/wordpress\/plugins\/seo\/ -->\n<title>Legal Action - Instituto de Libertad Econ\u00f3mica para Puerto Rico<\/title>\n<meta name=\"description\" content=\"ILE is a non-partisan, nonprofit that looks to pave the way for equal opportunities and empowerment of Puerto Rican residents.\" \/>\n<meta name=\"robots\" content=\"index, follow, max-snippet:-1, max-image-preview:large, max-video-preview:-1\" \/>\n<link rel=\"canonical\" href=\"https:\/\/institutodelibertadeconomica.org\/en\/legal-action\/\" \/>\n<meta property=\"og:locale\" content=\"en_US\" \/>\n<meta property=\"og:type\" content=\"article\" \/>\n<meta property=\"og:title\" content=\"Legal Action - Instituto de Libertad Econ\u00f3mica para Puerto Rico\" \/>\n<meta property=\"og:description\" content=\"ILE is a non-partisan, nonprofit that looks to pave the way for equal opportunities and empowerment of Puerto Rican residents.\" \/>\n<meta property=\"og:url\" content=\"https:\/\/institutodelibertadeconomica.org\/en\/legal-action\/\" \/>\n<meta property=\"og:site_name\" content=\"Instituto de Libertad Econ\u00f3mica para Puerto Rico\" \/>\n<meta property=\"article:publisher\" content=\"https:\/\/www.facebook.com\/ilepuertorico\" \/>\n<meta property=\"article:modified_time\" content=\"2023-06-20T15:43:26+00:00\" \/>\n<meta property=\"og:image\" content=\"https:\/\/institutodelibertadeconomica.org\/wp-content\/uploads\/2023\/07\/ILE-OpenGraph-Web.jpg\" \/>\n\t<meta property=\"og:image:width\" content=\"1200\" \/>\n\t<meta property=\"og:image:height\" content=\"627\" \/>\n\t<meta property=\"og:image:type\" content=\"image\/jpeg\" \/>\n<meta name=\"twitter:card\" content=\"summary_large_image\" \/>\n<script type=\"application\/ld+json\" class=\"yoast-schema-graph\">{\"@context\":\"https:\/\/schema.org\",\"@graph\":[{\"@type\":\"WebPage\",\"@id\":\"https:\/\/institutodelibertadeconomica.org\/en\/legal-action\/\",\"url\":\"https:\/\/institutodelibertadeconomica.org\/en\/legal-action\/\",\"name\":\"Legal Action - Instituto de Libertad Econ\u00f3mica para Puerto Rico\",\"isPartOf\":{\"@id\":\"https:\/\/institutodelibertadeconomica.org\/en\/#website\"},\"datePublished\":\"2023-03-09T16:21:12+00:00\",\"dateModified\":\"2023-06-20T15:43:26+00:00\",\"description\":\"ILE is a non-partisan, nonprofit that looks to pave the way for equal opportunities and empowerment of Puerto Rican residents.\",\"breadcrumb\":{\"@id\":\"https:\/\/institutodelibertadeconomica.org\/en\/legal-action\/#breadcrumb\"},\"inLanguage\":\"en-US\",\"potentialAction\":[{\"@type\":\"ReadAction\",\"target\":[\"https:\/\/institutodelibertadeconomica.org\/en\/legal-action\/\"]}]},{\"@type\":\"BreadcrumbList\",\"@id\":\"https:\/\/institutodelibertadeconomica.org\/en\/legal-action\/#breadcrumb\",\"itemListElement\":[{\"@type\":\"ListItem\",\"position\":1,\"name\":\"Home\",\"item\":\"https:\/\/institutodelibertadeconomica.org\/en\/\"},{\"@type\":\"ListItem\",\"position\":2,\"name\":\"Legal Action\"}]},{\"@type\":\"WebSite\",\"@id\":\"https:\/\/institutodelibertadeconomica.org\/en\/#website\",\"url\":\"https:\/\/institutodelibertadeconomica.org\/en\/\",\"name\":\"Instituto de Libertad Econ\u00f3mica para Puerto Rico\",\"description\":\"Centro de pensamiento de libre mercado enfocado en buscar soluciones y existan m\u00e1s oportunidades\",\"publisher\":{\"@id\":\"https:\/\/institutodelibertadeconomica.org\/en\/#organization\"},\"potentialAction\":[{\"@type\":\"SearchAction\",\"target\":{\"@type\":\"EntryPoint\",\"urlTemplate\":\"https:\/\/institutodelibertadeconomica.org\/en\/?s={search_term_string}\"},\"query-input\":\"required name=search_term_string\"}],\"inLanguage\":\"en-US\"},{\"@type\":\"Organization\",\"@id\":\"https:\/\/institutodelibertadeconomica.org\/en\/#organization\",\"name\":\"Instituto de Libertad Econ\u00f3mica para Puerto Rico\",\"alternateName\":\"ILE Puerto Rico\",\"url\":\"https:\/\/institutodelibertadeconomica.org\/en\/\",\"logo\":{\"@type\":\"ImageObject\",\"inLanguage\":\"en-US\",\"@id\":\"https:\/\/institutodelibertadeconomica.org\/en\/#\/schema\/logo\/image\/\",\"url\":\"https:\/\/institutodelibertadeconomica.org\/wp-content\/uploads\/2023\/02\/ILE-logo-black.svg\",\"contentUrl\":\"https:\/\/institutodelibertadeconomica.org\/wp-content\/uploads\/2023\/02\/ILE-logo-black.svg\",\"caption\":\"Instituto de Libertad Econ\u00f3mica para Puerto Rico\"},\"image\":{\"@id\":\"https:\/\/institutodelibertadeconomica.org\/en\/#\/schema\/logo\/image\/\"},\"sameAs\":[\"https:\/\/www.facebook.com\/ilepuertorico\"]}]}<\/script>\n<!-- \/ Yoast SEO Premium plugin. -->","yoast_head_json":{"title":"Legal Action - Instituto de Libertad Econ\u00f3mica para Puerto Rico","description":"ILE is a non-partisan, nonprofit that looks to pave the way for equal opportunities and empowerment of Puerto Rican residents.","robots":{"index":"index","follow":"follow","max-snippet":"max-snippet:-1","max-image-preview":"max-image-preview:large","max-video-preview":"max-video-preview:-1"},"canonical":"https:\/\/institutodelibertadeconomica.org\/en\/legal-action\/","og_locale":"en_US","og_type":"article","og_title":"Legal Action - Instituto de Libertad Econ\u00f3mica para Puerto Rico","og_description":"ILE is a non-partisan, nonprofit that looks to pave the way for equal opportunities and empowerment of Puerto Rican residents.","og_url":"https:\/\/institutodelibertadeconomica.org\/en\/legal-action\/","og_site_name":"Instituto de Libertad Econ\u00f3mica para Puerto Rico","article_publisher":"https:\/\/www.facebook.com\/ilepuertorico","article_modified_time":"2023-06-20T15:43:26+00:00","og_image":[{"width":1200,"height":627,"url":"https:\/\/institutodelibertadeconomica.org\/wp-content\/uploads\/2023\/07\/ILE-OpenGraph-Web.jpg","type":"image\/jpeg"}],"twitter_card":"summary_large_image","schema":{"@context":"https:\/\/schema.org","@graph":[{"@type":"WebPage","@id":"https:\/\/institutodelibertadeconomica.org\/en\/legal-action\/","url":"https:\/\/institutodelibertadeconomica.org\/en\/legal-action\/","name":"Legal Action - Instituto de Libertad Econ\u00f3mica para Puerto Rico","isPartOf":{"@id":"https:\/\/institutodelibertadeconomica.org\/en\/#website"},"datePublished":"2023-03-09T16:21:12+00:00","dateModified":"2023-06-20T15:43:26+00:00","description":"ILE is a non-partisan, nonprofit that looks to pave the way for equal opportunities and empowerment of Puerto Rican residents.","breadcrumb":{"@id":"https:\/\/institutodelibertadeconomica.org\/en\/legal-action\/#breadcrumb"},"inLanguage":"en-US","potentialAction":[{"@type":"ReadAction","target":["https:\/\/institutodelibertadeconomica.org\/en\/legal-action\/"]}]},{"@type":"BreadcrumbList","@id":"https:\/\/institutodelibertadeconomica.org\/en\/legal-action\/#breadcrumb","itemListElement":[{"@type":"ListItem","position":1,"name":"Home","item":"https:\/\/institutodelibertadeconomica.org\/en\/"},{"@type":"ListItem","position":2,"name":"Legal Action"}]},{"@type":"WebSite","@id":"https:\/\/institutodelibertadeconomica.org\/en\/#website","url":"https:\/\/institutodelibertadeconomica.org\/en\/","name":"Instituto de Libertad Econ\u00f3mica para Puerto Rico","description":"Centro de pensamiento de libre mercado enfocado en buscar soluciones y existan m\u00e1s oportunidades","publisher":{"@id":"https:\/\/institutodelibertadeconomica.org\/en\/#organization"},"potentialAction":[{"@type":"SearchAction","target":{"@type":"EntryPoint","urlTemplate":"https:\/\/institutodelibertadeconomica.org\/en\/?s={search_term_string}"},"query-input":"required name=search_term_string"}],"inLanguage":"en-US"},{"@type":"Organization","@id":"https:\/\/institutodelibertadeconomica.org\/en\/#organization","name":"Instituto de Libertad Econ\u00f3mica para Puerto Rico","alternateName":"ILE Puerto Rico","url":"https:\/\/institutodelibertadeconomica.org\/en\/","logo":{"@type":"ImageObject","inLanguage":"en-US","@id":"https:\/\/institutodelibertadeconomica.org\/en\/#\/schema\/logo\/image\/","url":"https:\/\/institutodelibertadeconomica.org\/wp-content\/uploads\/2023\/02\/ILE-logo-black.svg","contentUrl":"https:\/\/institutodelibertadeconomica.org\/wp-content\/uploads\/2023\/02\/ILE-logo-black.svg","caption":"Instituto de Libertad Econ\u00f3mica para Puerto Rico"},"image":{"@id":"https:\/\/institutodelibertadeconomica.org\/en\/#\/schema\/logo\/image\/"},"sameAs":["https:\/\/www.facebook.com\/ilepuertorico"]}]}},"_links":{"self":[{"href":"https:\/\/institutodelibertadeconomica.org\/en\/wp-json\/wp\/v2\/pages\/1611","targetHints":{"allow":["GET"]}}],"collection":[{"href":"https:\/\/institutodelibertadeconomica.org\/en\/wp-json\/wp\/v2\/pages"}],"about":[{"href":"https:\/\/institutodelibertadeconomica.org\/en\/wp-json\/wp\/v2\/types\/page"}],"author":[{"embeddable":true,"href":"https:\/\/institutodelibertadeconomica.org\/en\/wp-json\/wp\/v2\/users\/2"}],"replies":[{"embeddable":true,"href":"https:\/\/institutodelibertadeconomica.org\/en\/wp-json\/wp\/v2\/comments?post=1611"}],"version-history":[{"count":0,"href":"https:\/\/institutodelibertadeconomica.org\/en\/wp-json\/wp\/v2\/pages\/1611\/revisions"}],"wp:attachment":[{"href":"https:\/\/institutodelibertadeconomica.org\/en\/wp-json\/wp\/v2\/media?parent=1611"}],"curies":[{"name":"wp","href":"https:\/\/api.w.org\/{rel}","templated":true}]}}