{"id":1585,"date":"2023-03-22T10:50:25","date_gmt":"2023-03-22T14:50:25","guid":{"rendered":"https:\/\/institutodelibertadeconomica.org\/nuestro-equipo\/"},"modified":"2024-08-27T08:39:18","modified_gmt":"2024-08-27T12:39:18","slug":"our-team","status":"publish","type":"page","link":"https:\/\/institutodelibertadeconomica.org\/en\/our-team\/","title":{"rendered":"Our Team"},"content":{"rendered":"<div class=\"wpb-content-wrapper\"><p>[vc_section][vc_row gap=\"20\" equal_height=\"yes\"][vc_column width=\"1\/5\" el_class=\"team_card\"][vc_single_image image=\"1261\" img_size=\"full\" alignment=\"center\" onclick=\"custom_link\" link=\"https:\/\/institutodelibertadeconomica.org\/en\/our-team\/jorge-l-rodriguez\/\"][vc_column_text]<\/p>\n<h3><a href=\"https:\/\/institutodelibertadeconomica.org\/en\/our-team\/jorge-l-rodriguez\/\">Jorge L. Rodr\u00edguez<\/a><\/h3>\n<h5><a href=\"https:\/\/institutodelibertadeconomica.org\/en\/our-team\/jorge-l-rodriguez\/\">Founder and CEO<\/a><\/h5>\n<p>[\/vc_column_text][\/vc_column][vc_column width=\"1\/5\" el_class=\"team_card\"][vc_single_image image=\"1265\" img_size=\"full\" alignment=\"center\" onclick=\"custom_link\" link=\"https:\/\/institutodelibertadeconomica.org\/en\/our-team\/angel-carrion-tavarez\/\"][vc_column_text]<\/p>\n<h3><a href=\"https:\/\/institutodelibertadeconomica.org\/en\/our-team\/angel-carrion-tavarez\/\">\u00c1ngel Carri\u00f3n-Tav\u00e1rez, Ph.D.<\/a><\/h3>\n<h5><a href=\"https:\/\/institutodelibertadeconomica.org\/en\/our-team\/angel-carrion-tavarez\/\">Director of Research and Policy<\/a><\/h5>\n<p>[\/vc_column_text][\/vc_column][vc_column width=\"1\/5\" el_class=\"team_card\"][vc_single_image image=\"1263\" img_size=\"full\" alignment=\"center\" onclick=\"custom_link\" link=\"https:\/\/institutodelibertadeconomica.org\/en\/our-team\/arturo-v-bauermeister-esq\/\"][vc_column_text]<\/p>\n<h3><a href=\"https:\/\/institutodelibertadeconomica.org\/en\/our-team\/arturo-v-bauermeister-esq\/\">Arturo V. Bauermeister, Esq.<\/a><\/h3>\n<h5><a href=\"https:\/\/institutodelibertadeconomica.org\/en\/our-team\/arturo-v-bauermeister-esq\/\">General Counsel<\/a><\/h5>\n<p>[\/vc_column_text][\/vc_column][vc_column width=\"1\/5\" el_class=\"team_card\"][vc_single_image image=\"1268\" img_size=\"full\" alignment=\"center\" onclick=\"custom_link\" link=\"https:\/\/institutodelibertadeconomica.org\/en\/our-team\/nicole-vilalte\/\"][vc_column_text]<\/p>\n<h3><a href=\"https:\/\/institutodelibertadeconomica.org\/en\/our-team\/nicole-vilalte\/\">Nicole Vilalte<\/a><\/h3>\n<h5><a href=\"https:\/\/institutodelibertadeconomica.org\/en\/our-team\/nicole-vilalte\/\">Chief Marketing Officer<\/a><\/h5>\n<p>[\/vc_column_text][\/vc_column][vc_column width=\"1\/5\" el_class=\"team_card\"][vc_single_image image=\"3960\" img_size=\"full\" alignment=\"center\" onclick=\"custom_link\" link=\"https:\/\/institutodelibertadeconomica.org\/en\/our-team\/richard-w-lowrie\/\"][vc_column_text]<\/p>\n<h3><a href=\"https:\/\/institutodelibertadeconomica.org\/en\/our-team\/richard-w-lowrie\/\">Richard W. Lowrie, Jr.<\/a><\/h3>\n<h5><a href=\"https:\/\/institutodelibertadeconomica.org\/en\/our-team\/richard-w-lowrie\/\">Strategic Outreach Coordinator<\/a><\/h5>\n<p>[\/vc_column_text][\/vc_column][\/vc_row][vc_row][vc_column][vc_empty_space][\/vc_column][\/vc_row][\/vc_section][vc_section][vc_row css=\".vc_custom_1684515906755{margin-top: 8px !important;padding-bottom: 8px !important;}\"][vc_column width=\"2\/3\"][vc_column_text]<\/p>\n<h5>Our Board of Directors<\/h5>\n<p>[\/vc_column_text][vc_column_text]<\/p>\n<h6>Composed of leaders from a range of industries and corporations, our board of directors exercises overall responsibility for the policies, programs, and direction of the Puerto Rico Institute for Economic Liberty.<\/h6>\n<p>[\/vc_column_text][\/vc_column][vc_column width=\"1\/3\"][\/vc_column][\/vc_row][vc_row gap=\"20\" equal_height=\"yes\"][vc_column width=\"1\/5\" el_class=\"team_card\"][vc_single_image image=\"1284\" img_size=\"full\" alignment=\"center\" onclick=\"custom_link\" link=\"https:\/\/institutodelibertadeconomica.org\/en\/our-team\/melba-i-acosta-febo\/\"][vc_column_text]<\/p>\n<h3><a href=\"https:\/\/institutodelibertadeconomica.org\/en\/our-team\/melba-i-acosta-febo\/\">Melba I. Acosta-Febo<\/a><\/h3>\n<h5><a href=\"https:\/\/institutodelibertadeconomica.org\/en\/our-team\/melba-i-acosta-febo\/\">Board Member<\/a><\/h5>\n<p>[\/vc_column_text][\/vc_column][vc_column width=\"1\/5\" el_class=\"team_card\"][vc_single_image image=\"2492\" img_size=\"full\" alignment=\"center\" onclick=\"custom_link\" link=\"https:\/\/institutodelibertadeconomica.org\/en\/our-team\/gerard-alexander-phd\/\"][vc_column_text]<\/p>\n<h3><a href=\"https:\/\/institutodelibertadeconomica.org\/en\/our-team\/gerard-alexander-phd\/\">Gerard Alexander, Ph.D.<\/a><\/h3>\n<h5><a href=\"https:\/\/institutodelibertadeconomica.org\/en\/our-team\/gerard-alexander-phd\/\">Board Member<\/a><\/h5>\n<p>[\/vc_column_text][\/vc_column][vc_column width=\"1\/5\" el_class=\"team_card\"][vc_single_image image=\"1282\" img_size=\"full\" alignment=\"center\" onclick=\"custom_link\" link=\"https:\/\/institutodelibertadeconomica.org\/en\/our-team\/alejandro-ballester\/\"][vc_column_text]<\/p>\n<h3><a href=\"https:\/\/institutodelibertadeconomica.org\/en\/our-team\/alejandro-ballester\/\">Alejandro Ballester<\/a><\/h3>\n<h5><a href=\"https:\/\/institutodelibertadeconomica.org\/en\/our-team\/alejandro-ballester\/\">Treasurer &amp; Board Member<\/a><\/h5>\n<p>[\/vc_column_text][\/vc_column][vc_column width=\"1\/5\" el_class=\"team_card\"][vc_single_image image=\"1280\" img_size=\"full\" alignment=\"center\" onclick=\"custom_link\" link=\"https:\/\/institutodelibertadeconomica.org\/en\/our-team\/jose-b-carrion-iii\/\"][vc_column_text]<\/p>\n<h3><a href=\"https:\/\/institutodelibertadeconomica.org\/en\/our-team\/jose-b-carrion-iii\/\">Jos\u00e9 B. Carri\u00f3n III<\/a><\/h3>\n<h5><a href=\"https:\/\/institutodelibertadeconomica.org\/en\/our-team\/jose-b-carrion-iii\/\">Board Member<\/a><\/h5>\n<p>[\/vc_column_text][\/vc_column][vc_column width=\"1\/5\" el_class=\"team_card\"][vc_single_image image=\"1278\" img_size=\"full\" alignment=\"center\" onclick=\"custom_link\" link=\"https:\/\/institutodelibertadeconomica.org\/en\/our-team\/juan-antonio-tony-larrea\/\"][vc_column_text]<\/p>\n<h3><a href=\"https:\/\/institutodelibertadeconomica.org\/en\/our-team\/juan-antonio-tony-larrea\/\">Juan Antonio \u201cTony\u201d Larrea<\/a><\/h3>\n<h5><a href=\"https:\/\/institutodelibertadeconomica.org\/en\/our-team\/juan-antonio-tony-larrea\/\">Vice-President and Board Member<\/a><\/h5>\n<p>[\/vc_column_text][\/vc_column][\/vc_row][vc_row][vc_column][vc_empty_space][\/vc_column][\/vc_row][vc_row gap=\"20\" equal_height=\"yes\"][vc_column width=\"1\/5\" el_class=\"team_card\"][vc_single_image image=\"1276\" img_size=\"full\" alignment=\"center\" onclick=\"custom_link\" link=\"https:\/\/institutodelibertadeconomica.org\/en\/our-team\/brittney-paul\/\"][vc_column_text]<\/p>\n<h3><a href=\"https:\/\/institutodelibertadeconomica.org\/en\/our-team\/brittney-paul\/\">Brittney Paul<\/a><\/h3>\n<h5><a href=\"https:\/\/institutodelibertadeconomica.org\/en\/our-team\/brittney-paul\/\">Board Member<\/a><\/h5>\n<p>[\/vc_column_text][\/vc_column][vc_column width=\"1\/5\"][\/vc_column][vc_column width=\"1\/5\"][\/vc_column][vc_column width=\"1\/5\"][\/vc_column][vc_column width=\"1\/5\"][\/vc_column][\/vc_row][vc_row][vc_column][vc_empty_space][\/vc_column][\/vc_row][\/vc_section][vc_section][vc_row][vc_column]<div class=\"templatera_shortcode\"><style type=\"text\/css\" data-type=\"vc_shortcodes-custom-css\">.vc_custom_1677767978547{padding-top: 96px !important;padding-bottom: 72px !important;background-color: #1b2028 !important;}<\/style><section data-vc-full-width=\"true\" data-vc-full-width-init=\"false\" class=\"vc_section dark-cta-1 vc_custom_1677767978547 vc_section-has-fill\"><div class=\"vc_row wpb_row vc_row-fluid\"><div class=\"wpb_column vc_column_container vc_col-sm-7\"><div class=\"vc_column-inner\"><div class=\"wpb_wrapper\">\n\t<div class=\"wpb_text_column wpb_content_element  white\" >\n\t\t<div class=\"wpb_wrapper\">\n\t\t\t<h2>Contribute now for a free and prosperous Puerto Rico<\/h2>\n\n\t\t<\/div>\n\t<\/div>\n<\/div><\/div><\/div><div class=\"wpb_column vc_column_container vc_col-sm-5\"><div class=\"vc_column-inner\"><div class=\"wpb_wrapper\">\n\t<div class=\"wpb_text_column wpb_content_element  white\" >\n\t\t<div class=\"wpb_wrapper\">\n\t\t\t<p>With your help, we will promote the ideals of individual liberty and responsibility, the rule of law, private property, and effective and accountable government to increase opportunity in Puerto Rico and enable prosperity for all.<\/p>\n\n\t\t<\/div>\n\t<\/div>\n\n\t<div class=\"wpb_text_column wpb_content_element  button-01\" >\n\t\t<div class=\"wpb_wrapper\">\n\t\t\t<p><a href=\"https:\/\/institutodelibertadeconomica.org\/en\/donations\/\">Donate now<\/a><\/p>\n\n\t\t<\/div>\n\t<\/div>\n<\/div><\/div><\/div><\/div><\/section><div class=\"vc_row-full-width vc_clearfix\"><\/div><\/div>[\/vc_column][\/vc_row][\/vc_section]<\/p>\n<\/div>","protected":false},"excerpt":{"rendered":"Jorge L. Rodr\u00edguez Founder and CEO \u00c1ngel Carri\u00f3n-Tav\u00e1rez, Ph.D. Director of Research and Policy Arturo V. Bauermeister, Esq. General Counsel Nicole Vilalte Chief Marketing Officer Richard W. Lowrie, Jr. Strategic Outreach Coordinator Our Board of Directors Composed of leaders from a range of industries and corporations, our board of directors exercises overall responsibility for the [...]","protected":false},"author":2,"featured_media":0,"parent":0,"menu_order":0,"comment_status":"closed","ping_status":"closed","template":"","meta":{"inline_featured_image":false,"site-sidebar-layout":"default","site-content-layout":"default","ast-site-content-layout":"default","site-content-style":"default","site-sidebar-style":"default","ast-global-header-display":"","ast-banner-title-visibility":"","ast-main-header-display":"","ast-hfb-above-header-display":"","ast-hfb-below-header-display":"","ast-hfb-mobile-header-display":"","site-post-title":"","ast-breadcrumbs-content":"","ast-featured-img":"","footer-sml-layout":"","ast-disable-related-posts":"","theme-transparent-header-meta":"default","adv-header-id-meta":"","stick-header-meta":"default","header-above-stick-meta":"","header-main-stick-meta":"","header-below-stick-meta":"","astra-migrate-meta-layouts":"set","ast-page-background-enabled":"default","ast-page-background-meta":{"desktop":{"background-color":"var(--ast-global-color-4)","background-image":"","background-repeat":"repeat","background-position":"center center","background-size":"auto","background-attachment":"scroll","background-type":"","background-media":"","overlay-type":"","overlay-color":"","overlay-opacity":"","overlay-gradient":""},"tablet":{"background-color":"","background-image":"","background-repeat":"repeat","background-position":"center center","background-size":"auto","background-attachment":"scroll","background-type":"","background-media":"","overlay-type":"","overlay-color":"","overlay-opacity":"","overlay-gradient":""},"mobile":{"background-color":"","background-image":"","background-repeat":"repeat","background-position":"center center","background-size":"auto","background-attachment":"scroll","background-type":"","background-media":"","overlay-type":"","overlay-color":"","overlay-opacity":"","overlay-gradient":""}},"ast-content-background-meta":{"desktop":{"background-color":"var(--ast-global-color-5)","background-image":"","background-repeat":"repeat","background-position":"center center","background-size":"auto","background-attachment":"scroll","background-type":"","background-media":"","overlay-type":"","overlay-color":"","overlay-opacity":"","overlay-gradient":""},"tablet":{"background-color":"var(--ast-global-color-5)","background-image":"","background-repeat":"repeat","background-position":"center center","background-size":"auto","background-attachment":"scroll","background-type":"","background-media":"","overlay-type":"","overlay-color":"","overlay-opacity":"","overlay-gradient":""},"mobile":{"background-color":"var(--ast-global-color-5)","background-image":"","background-repeat":"repeat","background-position":"center center","background-size":"auto","background-attachment":"scroll","background-type":"","background-media":"","overlay-type":"","overlay-color":"","overlay-opacity":"","overlay-gradient":""}},"footnotes":""},"class_list":["post-1585","page","type-page","status-publish","hentry"],"acf":[],"yoast_head":"<!-- This site is optimized with the Yoast SEO Premium plugin v22.4 (Yoast SEO v22.4) - https:\/\/yoast.com\/wordpress\/plugins\/seo\/ -->\n<title>Our Team - Instituto de Libertad Econ\u00f3mica para Puerto Rico<\/title>\n<meta name=\"description\" content=\"ILE is a non-partisan, nonprofit that looks to pave the way for equal opportunities and empowerment of Puerto Rican residents.\" \/>\n<meta name=\"robots\" content=\"index, follow, max-snippet:-1, max-image-preview:large, max-video-preview:-1\" \/>\n<link rel=\"canonical\" href=\"https:\/\/institutodelibertadeconomica.org\/en\/our-team\/\" \/>\n<meta property=\"og:locale\" content=\"en_US\" \/>\n<meta property=\"og:type\" content=\"article\" \/>\n<meta property=\"og:title\" content=\"Our Team - Instituto de Libertad Econ\u00f3mica para Puerto Rico\" \/>\n<meta property=\"og:description\" content=\"ILE is a non-partisan, nonprofit that looks to pave the way for equal opportunities and empowerment of Puerto Rican residents.\" \/>\n<meta property=\"og:url\" content=\"https:\/\/institutodelibertadeconomica.org\/en\/our-team\/\" \/>\n<meta property=\"og:site_name\" content=\"Instituto de Libertad Econ\u00f3mica para Puerto Rico\" \/>\n<meta property=\"article:publisher\" content=\"https:\/\/www.facebook.com\/ilepuertorico\" \/>\n<meta property=\"article:modified_time\" content=\"2024-08-27T12:39:18+00:00\" \/>\n<meta property=\"og:image\" content=\"https:\/\/institutodelibertadeconomica.org\/wp-content\/uploads\/2023\/07\/ILE-OpenGraph-Web.jpg\" \/>\n\t<meta property=\"og:image:width\" content=\"1200\" \/>\n\t<meta property=\"og:image:height\" content=\"627\" \/>\n\t<meta property=\"og:image:type\" content=\"image\/jpeg\" \/>\n<meta name=\"twitter:card\" content=\"summary_large_image\" \/>\n<script type=\"application\/ld+json\" class=\"yoast-schema-graph\">{\"@context\":\"https:\/\/schema.org\",\"@graph\":[{\"@type\":\"WebPage\",\"@id\":\"https:\/\/institutodelibertadeconomica.org\/en\/our-team\/\",\"url\":\"https:\/\/institutodelibertadeconomica.org\/en\/our-team\/\",\"name\":\"Our Team - Instituto de Libertad Econ\u00f3mica para Puerto Rico\",\"isPartOf\":{\"@id\":\"https:\/\/institutodelibertadeconomica.org\/en\/#website\"},\"datePublished\":\"2023-03-22T14:50:25+00:00\",\"dateModified\":\"2024-08-27T12:39:18+00:00\",\"description\":\"ILE is a non-partisan, nonprofit that looks to pave the way for equal opportunities and empowerment of Puerto Rican residents.\",\"breadcrumb\":{\"@id\":\"https:\/\/institutodelibertadeconomica.org\/en\/our-team\/#breadcrumb\"},\"inLanguage\":\"en-US\",\"potentialAction\":[{\"@type\":\"ReadAction\",\"target\":[\"https:\/\/institutodelibertadeconomica.org\/en\/our-team\/\"]}]},{\"@type\":\"BreadcrumbList\",\"@id\":\"https:\/\/institutodelibertadeconomica.org\/en\/our-team\/#breadcrumb\",\"itemListElement\":[{\"@type\":\"ListItem\",\"position\":1,\"name\":\"Home\",\"item\":\"https:\/\/institutodelibertadeconomica.org\/en\/\"},{\"@type\":\"ListItem\",\"position\":2,\"name\":\"Our Team\"}]},{\"@type\":\"WebSite\",\"@id\":\"https:\/\/institutodelibertadeconomica.org\/en\/#website\",\"url\":\"https:\/\/institutodelibertadeconomica.org\/en\/\",\"name\":\"Instituto de Libertad Econ\u00f3mica para Puerto Rico\",\"description\":\"Centro de pensamiento de libre mercado enfocado en buscar soluciones y existan m\u00e1s oportunidades\",\"publisher\":{\"@id\":\"https:\/\/institutodelibertadeconomica.org\/en\/#organization\"},\"potentialAction\":[{\"@type\":\"SearchAction\",\"target\":{\"@type\":\"EntryPoint\",\"urlTemplate\":\"https:\/\/institutodelibertadeconomica.org\/en\/?s={search_term_string}\"},\"query-input\":\"required name=search_term_string\"}],\"inLanguage\":\"en-US\"},{\"@type\":\"Organization\",\"@id\":\"https:\/\/institutodelibertadeconomica.org\/en\/#organization\",\"name\":\"Instituto de Libertad Econ\u00f3mica para Puerto Rico\",\"alternateName\":\"ILE Puerto Rico\",\"url\":\"https:\/\/institutodelibertadeconomica.org\/en\/\",\"logo\":{\"@type\":\"ImageObject\",\"inLanguage\":\"en-US\",\"@id\":\"https:\/\/institutodelibertadeconomica.org\/en\/#\/schema\/logo\/image\/\",\"url\":\"https:\/\/institutodelibertadeconomica.org\/wp-content\/uploads\/2023\/02\/ILE-logo-black.svg\",\"contentUrl\":\"https:\/\/institutodelibertadeconomica.org\/wp-content\/uploads\/2023\/02\/ILE-logo-black.svg\",\"caption\":\"Instituto de Libertad Econ\u00f3mica para Puerto Rico\"},\"image\":{\"@id\":\"https:\/\/institutodelibertadeconomica.org\/en\/#\/schema\/logo\/image\/\"},\"sameAs\":[\"https:\/\/www.facebook.com\/ilepuertorico\"]}]}<\/script>\n<!-- \/ Yoast SEO Premium plugin. -->","yoast_head_json":{"title":"Our Team - Instituto de Libertad Econ\u00f3mica para Puerto Rico","description":"ILE is a non-partisan, nonprofit that looks to pave the way for equal opportunities and empowerment of Puerto Rican residents.","robots":{"index":"index","follow":"follow","max-snippet":"max-snippet:-1","max-image-preview":"max-image-preview:large","max-video-preview":"max-video-preview:-1"},"canonical":"https:\/\/institutodelibertadeconomica.org\/en\/our-team\/","og_locale":"en_US","og_type":"article","og_title":"Our Team - Instituto de Libertad Econ\u00f3mica para Puerto Rico","og_description":"ILE is a non-partisan, nonprofit that looks to pave the way for equal opportunities and empowerment of Puerto Rican residents.","og_url":"https:\/\/institutodelibertadeconomica.org\/en\/our-team\/","og_site_name":"Instituto de Libertad Econ\u00f3mica para Puerto Rico","article_publisher":"https:\/\/www.facebook.com\/ilepuertorico","article_modified_time":"2024-08-27T12:39:18+00:00","og_image":[{"width":1200,"height":627,"url":"https:\/\/institutodelibertadeconomica.org\/wp-content\/uploads\/2023\/07\/ILE-OpenGraph-Web.jpg","type":"image\/jpeg"}],"twitter_card":"summary_large_image","schema":{"@context":"https:\/\/schema.org","@graph":[{"@type":"WebPage","@id":"https:\/\/institutodelibertadeconomica.org\/en\/our-team\/","url":"https:\/\/institutodelibertadeconomica.org\/en\/our-team\/","name":"Our Team - Instituto de Libertad Econ\u00f3mica para Puerto Rico","isPartOf":{"@id":"https:\/\/institutodelibertadeconomica.org\/en\/#website"},"datePublished":"2023-03-22T14:50:25+00:00","dateModified":"2024-08-27T12:39:18+00:00","description":"ILE is a non-partisan, nonprofit that looks to pave the way for equal opportunities and empowerment of Puerto Rican residents.","breadcrumb":{"@id":"https:\/\/institutodelibertadeconomica.org\/en\/our-team\/#breadcrumb"},"inLanguage":"en-US","potentialAction":[{"@type":"ReadAction","target":["https:\/\/institutodelibertadeconomica.org\/en\/our-team\/"]}]},{"@type":"BreadcrumbList","@id":"https:\/\/institutodelibertadeconomica.org\/en\/our-team\/#breadcrumb","itemListElement":[{"@type":"ListItem","position":1,"name":"Home","item":"https:\/\/institutodelibertadeconomica.org\/en\/"},{"@type":"ListItem","position":2,"name":"Our Team"}]},{"@type":"WebSite","@id":"https:\/\/institutodelibertadeconomica.org\/en\/#website","url":"https:\/\/institutodelibertadeconomica.org\/en\/","name":"Instituto de Libertad Econ\u00f3mica para Puerto Rico","description":"Centro de pensamiento de libre mercado enfocado en buscar soluciones y existan m\u00e1s oportunidades","publisher":{"@id":"https:\/\/institutodelibertadeconomica.org\/en\/#organization"},"potentialAction":[{"@type":"SearchAction","target":{"@type":"EntryPoint","urlTemplate":"https:\/\/institutodelibertadeconomica.org\/en\/?s={search_term_string}"},"query-input":"required name=search_term_string"}],"inLanguage":"en-US"},{"@type":"Organization","@id":"https:\/\/institutodelibertadeconomica.org\/en\/#organization","name":"Instituto de Libertad Econ\u00f3mica para Puerto Rico","alternateName":"ILE Puerto Rico","url":"https:\/\/institutodelibertadeconomica.org\/en\/","logo":{"@type":"ImageObject","inLanguage":"en-US","@id":"https:\/\/institutodelibertadeconomica.org\/en\/#\/schema\/logo\/image\/","url":"https:\/\/institutodelibertadeconomica.org\/wp-content\/uploads\/2023\/02\/ILE-logo-black.svg","contentUrl":"https:\/\/institutodelibertadeconomica.org\/wp-content\/uploads\/2023\/02\/ILE-logo-black.svg","caption":"Instituto de Libertad Econ\u00f3mica para Puerto Rico"},"image":{"@id":"https:\/\/institutodelibertadeconomica.org\/en\/#\/schema\/logo\/image\/"},"sameAs":["https:\/\/www.facebook.com\/ilepuertorico"]}]}},"_links":{"self":[{"href":"https:\/\/institutodelibertadeconomica.org\/en\/wp-json\/wp\/v2\/pages\/1585","targetHints":{"allow":["GET"]}}],"collection":[{"href":"https:\/\/institutodelibertadeconomica.org\/en\/wp-json\/wp\/v2\/pages"}],"about":[{"href":"https:\/\/institutodelibertadeconomica.org\/en\/wp-json\/wp\/v2\/types\/page"}],"author":[{"embeddable":true,"href":"https:\/\/institutodelibertadeconomica.org\/en\/wp-json\/wp\/v2\/users\/2"}],"replies":[{"embeddable":true,"href":"https:\/\/institutodelibertadeconomica.org\/en\/wp-json\/wp\/v2\/comments?post=1585"}],"version-history":[{"count":0,"href":"https:\/\/institutodelibertadeconomica.org\/en\/wp-json\/wp\/v2\/pages\/1585\/revisions"}],"wp:attachment":[{"href":"https:\/\/institutodelibertadeconomica.org\/en\/wp-json\/wp\/v2\/media?parent=1585"}],"curies":[{"name":"wp","href":"https:\/\/api.w.org\/{rel}","templated":true}]}}